{"id":91,"date":"2023-01-24T09:12:19","date_gmt":"2023-01-24T08:12:19","guid":{"rendered":"https:\/\/letsbuystars.com\/?post_type=product&#038;p=91"},"modified":"2026-03-31T01:13:30","modified_gmt":"2026-03-30T23:13:30","slug":"name-a-star","status":"publish","type":"product","link":"https:\/\/letsbuystars.com\/fr\/produkt\/name-a-star\/","title":{"rendered":"Ambassade Stellaire - Acte stellaire"},"content":{"rendered":"<h3><strong>Ce que vous obtenez<\/strong><\/h3>\n<ul>\n<li>Nommer une \u00e9toile : toutes nos \u00e9toiles sont visibles \u00e0 l'\u0153il nu dans des conditions d'observation appropri\u00e9es.<\/li>\n<li>Un magnifique certificat d'enregistrement en format pdf avec votre nom et les d\u00e9tails exacts de votre \u00e9toile par e-mail dans un d\u00e9lai d'une heure.<\/li>\n<li>Un deuxi\u00e8me certificat gratuit pour votre conjoint, fianc\u00e9 ou ami.<\/li>\n<li>Certificats suppl\u00e9mentaires disponibles<\/li>\n<li>Un logiciel pour vous aider \u00e0 trouver votre \u00e9toile et une foule d'informations suppl\u00e9mentaires, t\u00e9l\u00e9chargeables instantan\u00e9ment.<\/li>\n<li>Un livret pdf en couleur contenant de nombreuses informations sur les \u00e9toiles, ainsi qu'un guide d\u00e9taill\u00e9 \u00e9tape par \u00e9tape pour le logiciel de recherche d'\u00e9toiles afin de trouver votre propre \u00e9toile.<\/li>\n<\/ul>","protected":false},"excerpt":{"rendered":"<p>Le livret de l'Ambassade Stellaire ainsi que le logiciel Stellarium peuvent \u00eatre t\u00e9l\u00e9charg\u00e9s imm\u00e9diatement apr\u00e8s votre commande. Vous recevrez votre \"Star Deed\" personnalis\u00e9 par e-mail dans un d\u00e9lai d'une heure. Veillez \u00e0 saisir correctement votre adresse \u00e9lectronique.<\/p>\n<p><strong>Besoin d'aide ? <a href=\"https:\/\/letsbuystars.com\/fr\/voucher\/\">Cliquez ici pour savoir comment commander<\/a><\/strong><\/p>","protected":false},"featured_media":5224,"comment_status":"open","ping_status":"closed","template":"","meta":[],"product_brand":[],"product_cat":[15],"product_tag":[19,20],"class_list":{"0":"post-91","1":"product","2":"type-product","3":"status-publish","4":"has-post-thumbnail","6":"product_cat-star-deed-nameastar","7":"product_tag-name-a-star","8":"product_tag-stardeed","10":"first","11":"instock","12":"taxable","13":"shipping-taxable","14":"purchasable","15":"product-type-variable","16":"has-default-attributes"},"_links":{"self":[{"href":"https:\/\/letsbuystars.com\/fr\/wp-json\/wp\/v2\/product\/91","targetHints":{"allow":["GET"]}}],"collection":[{"href":"https:\/\/letsbuystars.com\/fr\/wp-json\/wp\/v2\/product"}],"about":[{"href":"https:\/\/letsbuystars.com\/fr\/wp-json\/wp\/v2\/types\/product"}],"replies":[{"embeddable":true,"href":"https:\/\/letsbuystars.com\/fr\/wp-json\/wp\/v2\/comments?post=91"}],"wp:featuredmedia":[{"embeddable":true,"href":"https:\/\/letsbuystars.com\/fr\/wp-json\/wp\/v2\/media\/5224"}],"wp:attachment":[{"href":"https:\/\/letsbuystars.com\/fr\/wp-json\/wp\/v2\/media?parent=91"}],"wp:term":[{"taxonomy":"product_brand","embeddable":true,"href":"https:\/\/letsbuystars.com\/fr\/wp-json\/wp\/v2\/product_brand?post=91"},{"taxonomy":"product_cat","embeddable":true,"href":"https:\/\/letsbuystars.com\/fr\/wp-json\/wp\/v2\/product_cat?post=91"},{"taxonomy":"product_tag","embeddable":true,"href":"https:\/\/letsbuystars.com\/fr\/wp-json\/wp\/v2\/product_tag?post=91"}],"curies":[{"name":"wp","href":"https:\/\/api.w.org\/{rel}","templated":true}]}}