{"id":132,"date":"2023-01-24T11:42:03","date_gmt":"2023-01-24T10:42:03","guid":{"rendered":"https:\/\/letsbuystars.com\/?page_id=132"},"modified":"2023-01-25T03:43:41","modified_gmt":"2023-01-25T02:43:41","slug":"give-away","status":"publish","type":"page","link":"https:\/\/letsbuystars.com\/fr\/give-away\/","title":{"rendered":"Donner"},"content":{"rendered":"<section class=\"l-section wpb_row height_medium\"><div class=\"l-section-h i-cf\"><div class=\"g-cols vc_row via_grid cols_2 laptops-cols_inherit tablets-cols_inherit mobiles-cols_1 valign_top type_default stacking_default\"><div class=\"wpb_column vc_column_container\"><div class=\"vc_column-inner\"><div class=\"w-image style_outlined has_ratio align_center\"><div class=\"w-image-h\"><div style=\"padding-bottom:150%\"><\/div><img decoding=\"async\" width=\"1024\" height=\"955\" src=\"https:\/\/letsbuystars.com\/wp-content\/uploads\/2023\/01\/Depositphotos_10605705_XL-1024x955.jpg\" class=\"attachment-large size-large\" alt=\"\" loading=\"lazy\" \/><\/div><\/div><\/div><\/div><div class=\"wpb_column vc_column_container\"><div class=\"vc_column-inner\"><div class=\"wpb_text_column\"><div class=\"wpb_wrapper\"><h3>Comment offrir mon \u00e9toile ?<\/h3>\n<p>Si vous pensez qu'il suffit de remettre un certificat, nous aimerions vous apprendre le contraire par un clin d'\u0153il. Ce n'est pas tous les jours que l'on offre une \u00e9toile, et la proc\u00e9dure doit \u00eatre adapt\u00e9e \u00e0 l'occasion ! D'autant plus que tout le monde n'est pas familier avec le sujet de la d\u00e9nomination des \u00e9toiles et qu'il y a certainement des questions sur l'\u00e9toile offerte : O\u00f9 puis-je trouver mon \u00e9toile ? Pourquoi me l'avez-vous d\u00e9dicac\u00e9e ? Va-t-il porter mon nom pour toujours maintenant ? Vous entendrez certainement de telles questions de la part du destinataire, et par cons\u00e9quent, la remise d'un nom d'\u00e9toile n\u00e9cessite du temps et une atmosph\u00e8re affectueuse afin de d\u00e9ployer son plein effet. Par cons\u00e9quent, un certificat d'\u00e9toile n'est pas un cadeau \u00e0 placer n\u00e9gligemment parmi d'autres cadeaux sur une table \u00e0 cadeaux. Apr\u00e8s tout, on baptise pour une raison bien pr\u00e9cise, et cela n\u00e9cessite aussi de l'espace et du temps. Et le certificat n'est qu'une partie du cadeau. L'autre partie brille dans le ciel et veut \u00eatre d\u00e9couverte.<\/p>\n<p>&nbsp;<\/p>\n<p><strong>Vous trouverez toutes les r\u00e9ponses ci-dessous, ainsi que quelques conseils pour imprimer votre certificat et votre livret Stellar Embassy.<\/strong><\/p>\n<\/div><\/div><\/div><\/div><\/div><\/div><\/section><section class=\"l-section wpb_row height_medium\"><div class=\"l-section-h i-cf\"><div class=\"g-cols vc_row via_grid cols_1 laptops-cols_inherit tablets-cols_inherit mobiles-cols_1 valign_top type_default stacking_default\"><div class=\"wpb_column vc_column_container\"><div class=\"vc_column-inner\"><div class=\"wpb_text_column\"><div class=\"wpb_wrapper\"><h3>O\u00f9 puis-je trouver mon \u00e9toile ?<\/h3>\n<p>Veuillez t\u00e9l\u00e9charger le logiciel \"Stellarium\". Vous trouverez votre lien de t\u00e9l\u00e9chargement dans l'e-mail que nous vous avons envoy\u00e9 une minute apr\u00e8s votre commande. Veuillez \u00e9galement t\u00e9l\u00e9charger votre brochure \"Stellar Embassy\", qui vous a \u00e9t\u00e9 envoy\u00e9e par e-mail. Vous pouvez \u00e9galement le trouver dans votre compte client.<\/p>\n<p>Sur votre certificat, vous trouverez le num\u00e9ro HIP de votre \u00e9toile. Il suffit d'entrer ce num\u00e9ro dans le champ de recherche de Stellarium et vous serez conduit \u00e0 votre \u00e9toile. Sur Stellarium, vous pouvez entrer votre adresse ou vos coordonn\u00e9es (si vous les connaissez) ainsi que l'heure et la date du jour. La carte montrera ensuite votre \u00e9toile \u00e0 partir de votre propre point \u00e0 la maison, de sorte que vous pouvez imprimer la carte, et les comparer avec le ciel \u00e9toil\u00e9 actuel \u00e0 votre maison. Votre \u00e9toile est marqu\u00e9e sur la carte.<\/p>\n<p>Vous trouverez des instructions pr\u00e9cises, \u00e9tape par \u00e9tape, dans votre brochure.<\/p>\n<h3>Est-ce qu'il portera mon nom pour toujours maintenant ?<\/h3>\n<p>L'\u00e9toile que vous avez nomm\u00e9e portera ce nom pour toujours. Nous ne nommons jamais une \u00e9toile deux fois, c'est techniquement impossible avec notre logiciel et ce serait vraiment tr\u00e8s agr\u00e9able. Vous pouvez donc \u00eatre absolument s\u00fbr que votre \u00e9toile ne sera nomm\u00e9e qu'une seule fois par nous et que nous ne changerons jamais rien \u00e0 ce nom.<\/p>\n<h3>Comment imprimer le certificat ?<\/h3>\n<p>Le certificat est en couleur et comporte de nombreux d\u00e9tails. Nous vous recommandons de l'imprimer sur une imprimante laser ou \u00e0 jet d'encre \u00e0 la r\u00e9solution la plus \u00e9lev\u00e9e. L'impression est optimale sur du papier photo, mais aussi sur du papier sp\u00e9cial pour documents. Si vous ne disposez pas d'une imprimante adapt\u00e9e ou si vous ne souhaitez pas acheter de papier photo suppl\u00e9mentaire, nous vous recommandons de vous rendre dans un magasin de photocopie. Vous pourrez y faire une impression tr\u00e8s professionnelle et cela ne vous co\u00fbtera pas plus de 2 ou 3 dollars.<\/p>\n<p>Le livret est \u00e9galement en couleur. Imprimez-le en recto-verso si votre imprimante le permet. Cela permettra d'imprimer le recto et le verso de la feuille et l'aspect sera parfait lorsque vous l'agraferez ensuite. Vous devez choisir un type de papier solide, qui est un peu plus facile \u00e0 saisir que le papier \u00e0 copier normal. Mais un magasin de photocopie peut aussi tr\u00e8s bien le faire pour vous. Si vous le souhaitez, le magasin peut m\u00eame effectuer une reliure professionnelle.<\/p>\n<h3>Est-ce que Stars Embassy imprime et exp\u00e9die ?<\/h3>\n<p>Nous pensons que, d'un point de vue \u00e9cologique, il est irresponsable d'envoyer sur des centaines ou des milliers de kilom\u00e8tres \u00e0 travers les \u00c9tats-Unis quelque chose qui peut facilement \u00eatre imprim\u00e9 par vos soins. C'est pourquoi nous envoyons vos certificats et votre livret par e-mail en format pdf. Vous avez votre commande imm\u00e9diatement en main et pouvez l'imprimer. Un autre avantage est que vous pouvez imprimer le certificat dans la taille souhait\u00e9e, c'est-\u00e0-dire en format lettre ou en poster, sur du papier photo ou du papier sp\u00e9cial certificat, tout fonctionne. N'est-ce pas beaucoup plus agr\u00e9able que de payer des frais d'exp\u00e9dition \u00e9lev\u00e9s et d'attendre ?<\/p>\n<\/div><\/div><\/div><\/div><\/div><\/div><\/section><section class=\"l-section wpb_row height_medium\"><div class=\"l-section-h i-cf\"><div class=\"g-cols vc_row via_grid cols_1 laptops-cols_inherit tablets-cols_inherit mobiles-cols_1 valign_top type_default stacking_default\"><div class=\"wpb_column vc_column_container\"><div class=\"vc_column-inner\"><div class=\"w-actionbox us_custom_a20c1a96 color_primary controls_bottom\"><div class=\"w-actionbox-text\"><h3 class=\"w-actionbox-title\">Nommez une \u00e9toile maintenant<\/h3><div class=\"w-actionbox-description\"><div class=\"w-actionbox-text\">\n<div class=\"w-actionbox-description\">\n<p>T\u00e9l\u00e9chargement instantan\u00e9 du livret et du logiciel, vos certificats personnalis\u00e9s suivront en moins de 4 heures<\/p>\n<\/div>\n<\/div>\n<\/div><\/div><div class=\"w-actionbox-controls\"><a class=\"w-btn us-btn-style_1\" style=\"font-size:25px\" title=\"Nommez une \u00e9toile\" href=\"https:\/\/letsbuystars.com\/fr\/produkt\/name-a-star\/\"><span class=\"w-btn-label\">Cliquez-moi<\/span><\/a><\/div><\/div><\/div><\/div><\/div><\/div><\/section>","protected":false},"excerpt":{"rendered":"Comment offrir mon \u00e9toile ? Si vous pensez qu'il suffit de remettre un certificat, nous aimerions vous apprendre le contraire par un clin d'\u0153il. Ce n'est pas tous les jours que l'on offre une \u00e9toile, et la proc\u00e9dure doit \u00eatre adapt\u00e9e \u00e0 l'occasion ! D'autant plus que tout le monde n'est pas familier avec le th\u00e8me de l'\u00e9toile...","protected":false},"author":1,"featured_media":0,"parent":0,"menu_order":0,"comment_status":"closed","ping_status":"closed","template":"","meta":{"footnotes":""},"class_list":["post-132","page","type-page","status-publish","hentry"],"_links":{"self":[{"href":"https:\/\/letsbuystars.com\/fr\/wp-json\/wp\/v2\/pages\/132","targetHints":{"allow":["GET"]}}],"collection":[{"href":"https:\/\/letsbuystars.com\/fr\/wp-json\/wp\/v2\/pages"}],"about":[{"href":"https:\/\/letsbuystars.com\/fr\/wp-json\/wp\/v2\/types\/page"}],"author":[{"embeddable":true,"href":"https:\/\/letsbuystars.com\/fr\/wp-json\/wp\/v2\/users\/1"}],"replies":[{"embeddable":true,"href":"https:\/\/letsbuystars.com\/fr\/wp-json\/wp\/v2\/comments?post=132"}],"version-history":[{"count":14,"href":"https:\/\/letsbuystars.com\/fr\/wp-json\/wp\/v2\/pages\/132\/revisions"}],"predecessor-version":[{"id":5163,"href":"https:\/\/letsbuystars.com\/fr\/wp-json\/wp\/v2\/pages\/132\/revisions\/5163"}],"wp:attachment":[{"href":"https:\/\/letsbuystars.com\/fr\/wp-json\/wp\/v2\/media?parent=132"}],"curies":[{"name":"wp","href":"https:\/\/api.w.org\/{rel}","templated":true}]}}