{"id":117,"date":"2023-01-24T11:11:26","date_gmt":"2023-01-24T10:11:26","guid":{"rendered":"https:\/\/letsbuystars.com\/?page_id=117"},"modified":"2023-02-14T19:51:46","modified_gmt":"2023-02-14T18:51:46","slug":"voucher","status":"publish","type":"page","link":"https:\/\/letsbuystars.com\/fr\/voucher\/","title":{"rendered":"Comment commander"},"content":{"rendered":"<section class=\"l-section wpb_row height_medium\"><div class=\"l-section-h i-cf\"><div class=\"g-cols vc_row via_grid cols_1 laptops-cols_inherit tablets-cols_inherit mobiles-cols_1 valign_top type_default stacking_default\"><div class=\"wpb_column vc_column_container\"><div class=\"vc_column-inner\"><div class=\"wpb_text_column\"><div class=\"wpb_wrapper\"><h3>Nous vous montrons ici comment il est facile de donner un nom \u00e0 une \u00e9toile. Veuillez suivre les \u00e9tapes suivantes<\/h3>\n<\/div><\/div><\/div><\/div><\/div><\/div><\/section><section class=\"l-section wpb_row height_medium\"><div class=\"l-section-h i-cf\"><div class=\"g-cols vc_row via_grid cols_2 laptops-cols_inherit tablets-cols_inherit mobiles-cols_1 valign_top type_default stacking_default\"><div class=\"wpb_column vc_column_container\"><div class=\"vc_column-inner\"><div class=\"wpb_text_column\"><div class=\"wpb_wrapper\"><p>Veuillez s\u00e9lectionner le motif souhait\u00e9 pour votre certificat. Nous avons diff\u00e9rents mod\u00e8les, chacun convenant \u00e0 diff\u00e9rentes occasions. \u00c0 gauche, vous pouvez voir les certificats et en choisir un. Si vous achetez plus d'une \u00e9toile, vous pouvez bien s\u00fbr choisir des designs diff\u00e9rents pour chaque \u00e9toile.<\/p>\n<\/div><\/div><\/div><\/div><div class=\"wpb_column vc_column_container\"><div class=\"vc_column-inner\"><div class=\"w-image style_outlined align_center\"><div class=\"w-image-h\"><img decoding=\"async\" width=\"1024\" height=\"826\" src=\"https:\/\/letsbuystars.com\/wp-content\/uploads\/2023\/02\/lbs-1-1024x826.jpg\" class=\"attachment-large size-large\" alt=\"\" loading=\"lazy\" srcset=\"https:\/\/letsbuystars.com\/wp-content\/uploads\/2023\/02\/lbs-1-1024x826.jpg 1024w, https:\/\/letsbuystars.com\/wp-content\/uploads\/2023\/02\/lbs-1-300x242.jpg 300w, https:\/\/letsbuystars.com\/wp-content\/uploads\/2023\/02\/lbs-1-15x12.jpg 15w, https:\/\/letsbuystars.com\/wp-content\/uploads\/2023\/02\/lbs-1-600x484.jpg 600w, https:\/\/letsbuystars.com\/wp-content\/uploads\/2023\/02\/lbs-1.jpg 1226w\" sizes=\"auto, (max-width: 1024px) 100vw, 1024px\" \/><\/div><\/div><\/div><\/div><\/div><\/div><\/section><section class=\"l-section wpb_row height_medium\"><div class=\"l-section-h i-cf\"><div class=\"g-cols vc_row via_grid cols_2 laptops-cols_inherit tablets-cols_inherit mobiles-cols_1 valign_top type_default stacking_default\"><div class=\"wpb_column vc_column_container\"><div class=\"vc_column-inner\"><div class=\"wpb_text_column\"><div class=\"wpb_wrapper\"><p>Veuillez maintenant entrer le nom de l'\u00e9toile. Le premier nom est destin\u00e9 au certificat principal. Nous sommes \u00e9galement heureux d'\u00e9tablir gratuitement un autre certificat. Vous pouvez ensuite commander d'autres certificats. Par exemple, un certificat principal pour \"Famille Connor\" et d'autres certificats pour chaque membre de la famille.<\/p>\n<h3>2 \u00e9toiles ou plus<\/h3>\n<p>Si vous souhaitez commander 2 \u00e9toiles ou plus, veuillez ajouter la premi\u00e8re au panier. Les champs de nom sont maintenant vides et vous pouvez saisir le nom suivant. Mettez-le ensuite dans le panier - les champs sont \u00e0 nouveau vides - et ainsi de suite jusqu'\u00e0 ce que vous ayez vos 2 ou 4 \u00e9toiles au total. Veuillez noter que les \"certificats suppl\u00e9mentaires\" ne sont pas des \u00e9toiles individuelles, mais uniquement des certificats suppl\u00e9mentaires \u00e0 l'\u00e9toile que vous configurez actuellement.<\/p>\n<\/div><\/div><\/div><\/div><div class=\"wpb_column vc_column_container\"><div class=\"vc_column-inner\"><div class=\"w-image style_outlined align_center\"><div class=\"w-image-h\"><img decoding=\"async\" width=\"1024\" height=\"693\" src=\"https:\/\/letsbuystars.com\/wp-content\/uploads\/2023\/02\/lbs-2-1024x693.jpg\" class=\"attachment-large size-large\" alt=\"\" loading=\"lazy\" srcset=\"https:\/\/letsbuystars.com\/wp-content\/uploads\/2023\/02\/lbs-2-1024x693.jpg 1024w, https:\/\/letsbuystars.com\/wp-content\/uploads\/2023\/02\/lbs-2-300x203.jpg 300w, https:\/\/letsbuystars.com\/wp-content\/uploads\/2023\/02\/lbs-2-18x12.jpg 18w, https:\/\/letsbuystars.com\/wp-content\/uploads\/2023\/02\/lbs-2-600x406.jpg 600w, https:\/\/letsbuystars.com\/wp-content\/uploads\/2023\/02\/lbs-2.jpg 1195w\" sizes=\"auto, (max-width: 1024px) 100vw, 1024px\" \/><\/div><\/div><\/div><\/div><\/div><\/div><\/section><section class=\"l-section wpb_row height_medium\"><div class=\"l-section-h i-cf\"><div class=\"g-cols vc_row via_grid cols_2 laptops-cols_inherit tablets-cols_inherit mobiles-cols_1 valign_top type_default stacking_default\"><div class=\"wpb_column vc_column_container\"><div class=\"vc_column-inner\"><div class=\"wpb_text_column\"><div class=\"wpb_wrapper\"><p>Votre panier s'affiche alors. Si vous avez un bon d'achat, vous pouvez l'\u00e9changer ici. Le champ correspondant se trouve \u00e0 gauche, sous l'affichage de l'article. Assurez-vous que votre bon d'achat a \u00e9t\u00e9 utilis\u00e9 et cliquez sur \"Passer \u00e0 la caisse\".<\/p>\n<\/div><\/div><\/div><\/div><div class=\"wpb_column vc_column_container\"><div class=\"vc_column-inner\"><div class=\"w-image style_outlined align_center\"><div class=\"w-image-h\"><img decoding=\"async\" width=\"1024\" height=\"443\" src=\"https:\/\/letsbuystars.com\/wp-content\/uploads\/2023\/02\/lbs-4-1024x443.jpg\" class=\"attachment-large size-large\" alt=\"\" loading=\"lazy\" srcset=\"https:\/\/letsbuystars.com\/wp-content\/uploads\/2023\/02\/lbs-4-1024x443.jpg 1024w, https:\/\/letsbuystars.com\/wp-content\/uploads\/2023\/02\/lbs-4-300x130.jpg 300w, https:\/\/letsbuystars.com\/wp-content\/uploads\/2023\/02\/lbs-4-18x8.jpg 18w, https:\/\/letsbuystars.com\/wp-content\/uploads\/2023\/02\/lbs-4-600x260.jpg 600w, https:\/\/letsbuystars.com\/wp-content\/uploads\/2023\/02\/lbs-4.jpg 1174w\" sizes=\"auto, (max-width: 1024px) 100vw, 1024px\" \/><\/div><\/div><\/div><\/div><\/div><\/div><\/section><section class=\"l-section wpb_row height_medium\"><div class=\"l-section-h i-cf\"><div class=\"g-cols vc_row via_grid cols_2 laptops-cols_inherit tablets-cols_inherit mobiles-cols_1 valign_top type_default stacking_default\"><div class=\"wpb_column vc_column_container\"><div class=\"vc_column-inner\"><div class=\"wpb_text_column\"><div class=\"wpb_wrapper\"><p>Vous acc\u00e9dez alors \u00e0 la page de confirmation de votre commande. Ici, vous pouvez d\u00e9j\u00e0 tout t\u00e9l\u00e9charger. Votre certificat sera \u00e9galement cr\u00e9\u00e9 dans un court laps de temps et vous sera ensuite envoy\u00e9 par e-mail.<\/p>\n<\/div><\/div><\/div><\/div><div class=\"wpb_column vc_column_container\"><div class=\"vc_column-inner\"><div class=\"w-image style_outlined align_center\"><div class=\"w-image-h\"><img decoding=\"async\" width=\"1024\" height=\"833\" src=\"https:\/\/letsbuystars.com\/wp-content\/uploads\/2023\/02\/lbs-5-1024x833.jpg\" class=\"attachment-large size-large\" alt=\"\" loading=\"lazy\" srcset=\"https:\/\/letsbuystars.com\/wp-content\/uploads\/2023\/02\/lbs-5-1024x833.jpg 1024w, https:\/\/letsbuystars.com\/wp-content\/uploads\/2023\/02\/lbs-5-300x244.jpg 300w, https:\/\/letsbuystars.com\/wp-content\/uploads\/2023\/02\/lbs-5-15x12.jpg 15w, https:\/\/letsbuystars.com\/wp-content\/uploads\/2023\/02\/lbs-5-600x488.jpg 600w, https:\/\/letsbuystars.com\/wp-content\/uploads\/2023\/02\/lbs-5.jpg 1161w\" sizes=\"auto, (max-width: 1024px) 100vw, 1024px\" \/><\/div><\/div><\/div><\/div><\/div><\/div><\/section><section class=\"l-section wpb_row height_medium\"><div class=\"l-section-h i-cf\"><div class=\"g-cols vc_row via_grid cols_1 laptops-cols_inherit tablets-cols_inherit mobiles-cols_1 valign_top type_default stacking_default\"><div class=\"wpb_column vc_column_container\"><div class=\"vc_column-inner\"><div class=\"w-actionbox us_custom_8b2911f9 has_text_color color_primary controls_right\"><div class=\"w-actionbox-text\"><h2 class=\"w-actionbox-title\">Achetons une \u00e9toile<\/h2><\/div><div class=\"w-actionbox-controls\"><a class=\"w-btn us-btn-style_1\" title=\"Ambassade Stellaire - Acte Star\" href=\"https:\/\/letsbuystars.com\/fr\/produkt\/name-a-star\/\"><span class=\"w-btn-label\">Cliquez-moi<\/span><\/a><\/div><\/div><\/div><\/div><\/div><\/div><\/section><section class=\"l-section wpb_row height_small\"><div class=\"l-section-h i-cf\"><div class=\"g-cols vc_row via_grid cols_1 laptops-cols_inherit tablets-cols_inherit mobiles-cols_1 valign_top type_default stacking_default\"><div class=\"wpb_column vc_column_container\"><div class=\"vc_column-inner\"><div class=\"wpb_text_column\"><div class=\"wpb_wrapper\"><h3 style=\"text-align: center;\">Pas d'exp\u00e9dition, pas de frais<\/h3>\n<p style=\"text-align: center;\">Nous pensons que, d'un point de vue \u00e9cologique, il est irresponsable d'envoyer sur des centaines ou des milliers de kilom\u00e8tres \u00e0 travers les \u00c9tats-Unis quelque chose qui peut facilement \u00eatre imprim\u00e9 par vos soins. C'est pourquoi nous envoyons vos certificats et votre livret par e-mail en format pdf. Vous avez votre commande imm\u00e9diatement en main et pouvez l'imprimer. Un autre avantage est que vous pouvez imprimer le certificat dans la taille souhait\u00e9e, c'est-\u00e0-dire en format lettre ou en poster, sur du papier photo ou du papier sp\u00e9cial certificat, tout fonctionne. N'est-ce pas beaucoup plus agr\u00e9able que de payer des frais d'exp\u00e9dition \u00e9lev\u00e9s et d'attendre ?<\/p>\n<\/div><\/div><\/div><\/div><\/div><\/div><\/section>","protected":false},"excerpt":{"rendered":"Nous vous montrons ici \u00e0 quel point il est facile de donner un nom \u00e0 une \u00e9toile. Veuillez suivre les \u00e9tapes suivantes S\u00e9lectionnez le motif souhait\u00e9 pour votre certificat. Nous disposons de diff\u00e9rents mod\u00e8les, chacun convenant \u00e0 diff\u00e9rentes occasions. A gauche, vous pouvez voir les certificats et choisir l'un d'entre eux. Si vous achetez plus d'une \u00e9toile, vous...","protected":false},"author":1,"featured_media":0,"parent":0,"menu_order":0,"comment_status":"closed","ping_status":"closed","template":"","meta":{"footnotes":""},"class_list":["post-117","page","type-page","status-publish","hentry"],"_links":{"self":[{"href":"https:\/\/letsbuystars.com\/fr\/wp-json\/wp\/v2\/pages\/117","targetHints":{"allow":["GET"]}}],"collection":[{"href":"https:\/\/letsbuystars.com\/fr\/wp-json\/wp\/v2\/pages"}],"about":[{"href":"https:\/\/letsbuystars.com\/fr\/wp-json\/wp\/v2\/types\/page"}],"author":[{"embeddable":true,"href":"https:\/\/letsbuystars.com\/fr\/wp-json\/wp\/v2\/users\/1"}],"replies":[{"embeddable":true,"href":"https:\/\/letsbuystars.com\/fr\/wp-json\/wp\/v2\/comments?post=117"}],"version-history":[{"count":14,"href":"https:\/\/letsbuystars.com\/fr\/wp-json\/wp\/v2\/pages\/117\/revisions"}],"predecessor-version":[{"id":5445,"href":"https:\/\/letsbuystars.com\/fr\/wp-json\/wp\/v2\/pages\/117\/revisions\/5445"}],"wp:attachment":[{"href":"https:\/\/letsbuystars.com\/fr\/wp-json\/wp\/v2\/media?parent=117"}],"curies":[{"name":"wp","href":"https:\/\/api.w.org\/{rel}","templated":true}]}}