{"id":91,"date":"2023-01-24T09:12:19","date_gmt":"2023-01-24T08:12:19","guid":{"rendered":"https:\/\/letsbuystars.com\/?post_type=product&#038;p=91"},"modified":"2026-03-31T01:13:30","modified_gmt":"2026-03-30T23:13:30","slug":"name-a-star","status":"publish","type":"product","link":"https:\/\/letsbuystars.com\/es\/produkt\/name-a-star\/","title":{"rendered":"Embajada Estelar - Star Deed"},"content":{"rendered":"<h3><strong>Lo que obtiene<\/strong><\/h3>\n<ul>\n<li>Nombrar una estrella: todas nuestras estrellas son visibles a simple vista en condiciones de observaci\u00f3n adecuadas.<\/li>\n<li>Un magn\u00edfico certificado de registro en pdf con su nombre y los datos exactos de su estrella por correo electr\u00f3nico en 1 hora<\/li>\n<li>Un 2\u00ba certificado gratuito para su c\u00f3nyuge, prometido o amigo<\/li>\n<li>Certificados adicionales disponibles<\/li>\n<li>Software para ayudarle a encontrar su estrella y abundante informaci\u00f3n adicional, descargable al instante<\/li>\n<li>Un folleto pdf en color con mucha informaci\u00f3n sobre las estrellas, as\u00ed como una gu\u00eda detallada paso a paso del software para encontrar tu propia estrella.<\/li>\n<\/ul>","protected":false},"excerpt":{"rendered":"<p>El folleto de la Embajada Estelar, as\u00ed como el software Stellarium, pueden descargarse inmediatamente despu\u00e9s de su pedido. Recibir\u00e1 su Escritura Estelar personalizada por correo electr\u00f3nico en el plazo de 1 hora. Aseg\u00farese de introducir correctamente su direcci\u00f3n de correo electr\u00f3nico.<\/p>\n<p><strong>\u00bfNecesitas ayuda? <a href=\"https:\/\/letsbuystars.com\/es\/voucher\/\">Pulse aqu\u00ed para saber c\u00f3mo hacer un pedido<\/a><\/strong><\/p>","protected":false},"featured_media":5224,"comment_status":"open","ping_status":"closed","template":"","meta":[],"product_brand":[],"product_cat":[15],"product_tag":[19,20],"class_list":{"0":"post-91","1":"product","2":"type-product","3":"status-publish","4":"has-post-thumbnail","6":"product_cat-star-deed-nameastar","7":"product_tag-name-a-star","8":"product_tag-stardeed","10":"first","11":"instock","12":"taxable","13":"shipping-taxable","14":"purchasable","15":"product-type-variable","16":"has-default-attributes"},"_links":{"self":[{"href":"https:\/\/letsbuystars.com\/es\/wp-json\/wp\/v2\/product\/91","targetHints":{"allow":["GET"]}}],"collection":[{"href":"https:\/\/letsbuystars.com\/es\/wp-json\/wp\/v2\/product"}],"about":[{"href":"https:\/\/letsbuystars.com\/es\/wp-json\/wp\/v2\/types\/product"}],"replies":[{"embeddable":true,"href":"https:\/\/letsbuystars.com\/es\/wp-json\/wp\/v2\/comments?post=91"}],"wp:featuredmedia":[{"embeddable":true,"href":"https:\/\/letsbuystars.com\/es\/wp-json\/wp\/v2\/media\/5224"}],"wp:attachment":[{"href":"https:\/\/letsbuystars.com\/es\/wp-json\/wp\/v2\/media?parent=91"}],"wp:term":[{"taxonomy":"product_brand","embeddable":true,"href":"https:\/\/letsbuystars.com\/es\/wp-json\/wp\/v2\/product_brand?post=91"},{"taxonomy":"product_cat","embeddable":true,"href":"https:\/\/letsbuystars.com\/es\/wp-json\/wp\/v2\/product_cat?post=91"},{"taxonomy":"product_tag","embeddable":true,"href":"https:\/\/letsbuystars.com\/es\/wp-json\/wp\/v2\/product_tag?post=91"}],"curies":[{"name":"wp","href":"https:\/\/api.w.org\/{rel}","templated":true}]}}