{"id":132,"date":"2023-01-24T11:42:03","date_gmt":"2023-01-24T10:42:03","guid":{"rendered":"https:\/\/letsbuystars.com\/?page_id=132"},"modified":"2023-01-25T03:43:41","modified_gmt":"2023-01-25T02:43:41","slug":"give-away","status":"publish","type":"page","link":"https:\/\/letsbuystars.com\/es\/give-away\/","title":{"rendered":"Regala"},"content":{"rendered":"<section class=\"l-section wpb_row height_medium\"><div class=\"l-section-h i-cf\"><div class=\"g-cols vc_row via_grid cols_2 laptops-cols_inherit tablets-cols_inherit mobiles-cols_1 valign_top type_default stacking_default\"><div class=\"wpb_column vc_column_container\"><div class=\"vc_column-inner\"><div class=\"w-image style_outlined has_ratio align_center\"><div class=\"w-image-h\"><div style=\"padding-bottom:150%\"><\/div><img decoding=\"async\" width=\"1024\" height=\"955\" src=\"https:\/\/letsbuystars.com\/wp-content\/uploads\/2023\/01\/Depositphotos_10605705_XL-1024x955.jpg\" class=\"attachment-large size-large\" alt=\"\" loading=\"lazy\" \/><\/div><\/div><\/div><\/div><div class=\"wpb_column vc_column_container\"><div class=\"vc_column-inner\"><div class=\"wpb_text_column\"><div class=\"wpb_wrapper\"><h3>\u00bfC\u00f3mo regalo mi estrella?<\/h3>\n<p>Si cree que basta con entregar un certificado, nos gustar\u00eda ense\u00f1arle lo contrario con un gui\u00f1o. No todos los d\u00edas se regala una estrella, y el procedimiento debe adecuarse a la ocasi\u00f3n. Sobre todo porque no todo el mundo est\u00e1 familiarizado con el tema de poner nombre a las estrellas y seguro que surgen preguntas sobre la estrella de regalo: \u00bfD\u00f3nde puedo encontrar mi estrella? \u00bfPor qu\u00e9 me la han dedicado? \u00bfLlevar\u00e1 ahora mi nombre para siempre? Seguro que el destinatario le har\u00e1 este tipo de preguntas, por lo que la entrega del nombre de una estrella requiere tiempo y un ambiente cari\u00f1oso para desplegar todo su efecto. Por lo tanto, un Certificado Estelar no es un regalo para colocar descuidadamente entre otros regalos en una mesa de regalos. Al fin y al cabo, uno bautiza por un motivo muy concreto, y eso tambi\u00e9n requiere espacio y tiempo. Y el certificado es s\u00f3lo una parte del regalo. La otra brilla en el cielo y quiere ser descubierta.<\/p>\n<p>&nbsp;<\/p>\n<p><strong>Todas las respuestas las encontrar\u00e1s a continuaci\u00f3n, adem\u00e1s de algunos consejos sobre c\u00f3mo imprimir tu certificado y tu folleto de la Embajada Estelar<\/strong><\/p>\n<\/div><\/div><\/div><\/div><\/div><\/div><\/section><section class=\"l-section wpb_row height_medium\"><div class=\"l-section-h i-cf\"><div class=\"g-cols vc_row via_grid cols_1 laptops-cols_inherit tablets-cols_inherit mobiles-cols_1 valign_top type_default stacking_default\"><div class=\"wpb_column vc_column_container\"><div class=\"vc_column-inner\"><div class=\"wpb_text_column\"><div class=\"wpb_wrapper\"><h3>\u00bfD\u00f3nde puedo encontrar mi estrella?<\/h3>\n<p>Por favor, descargue el software \"Stellarium\". Encontrar\u00e1 el enlace de descarga en el correo electr\u00f3nico que le enviamos un minuto despu\u00e9s de realizar el pedido. Descargue tambi\u00e9n el folleto \"Embajada estelar\" que le hemos enviado por correo electr\u00f3nico. Tambi\u00e9n puede encontrarlo en su cuenta de cliente.<\/p>\n<p>En tu certificado puedes encontrar el n\u00famero HIP de tu estrella. Simplemente introduce este n\u00famero en el campo de b\u00fasqueda de Stellarium y acceder\u00e1s a tu estrella. En Stellarium puedes poner tu direcci\u00f3n o tus coordenadas (si las conoces) y tu hora y fecha actuales. El mapa entonces mostrar\u00e1 tu estrella desde tu propio punto en casa, as\u00ed que puedes imprimir el mapa, y compararlos con el cielo estrellado actual en tu casa. Tu estrella est\u00e1 marcada en el mapa.<\/p>\n<p>En el folleto encontrar\u00e1 instrucciones paso a paso.<\/p>\n<h3>\u00bfLlevar\u00e1 ahora mi nombre para siempre?<\/h3>\n<p>La estrella a la que hayas dado nombre llevar\u00e1 ese nombre para siempre. Nunca nombramos una estrella dos veces, eso es t\u00e9cnicamente imposible con nuestro software y realmente no ser\u00eda muy agradable. As\u00ed que puedes estar absolutamente seguro de que tu estrella s\u00f3lo ser\u00e1 nombrada una vez por nosotros y que nunca cambiaremos nada de este nombre.<\/p>\n<h3>\u00bfC\u00f3mo imprimo el certificado?<\/h3>\n<p>El certificado es a todo color y tiene muchos detalles. Recomendamos imprimirlo en una impresora l\u00e1ser o de chorro de tinta con la m\u00e1xima resoluci\u00f3n. Se ve mejor en papel fotogr\u00e1fico, pero tambi\u00e9n en papel especial para documentos. Si no tienes una impresora adecuada o no quieres comprar m\u00e1s papel fotogr\u00e1fico, te recomendamos que vayas a una copister\u00eda. All\u00ed podr\u00e1s imprimirlo de forma muy profesional y no te costar\u00e1 mucho m\u00e1s de 2 o 3 d\u00f3lares.<\/p>\n<p>El folleto tambi\u00e9n est\u00e1 coloreado. Impr\u00edmelo a doble cara si tu impresora puede hacerlo. As\u00ed imprimir\u00e1s el anverso y el reverso de la hoja y quedar\u00e1 muy bien cuando la grapes despu\u00e9s. Deber\u00edas elegir un tipo de papel s\u00f3lido, que sea un poco m\u00e1s f\u00e1cil de agarrar que el papel de copia normal. Pero en una copister\u00eda tambi\u00e9n te lo pueden hacer muy bien. Si quieres, incluso te lo pueden encuadernar profesionalmente.<\/p>\n<h3>\u00bfImprime y env\u00eda Stars Embassy?<\/h3>\n<p>Pensamos que, desde un punto de vista ecol\u00f3gico, es irresponsable enviar a cientos o miles de kil\u00f3metros a trav\u00e9s de los Estados Unidos algo que puede ser f\u00e1cilmente impreso por usted mismo. Por lo tanto, enviamos sus certificados y el folleto por correo electr\u00f3nico en formato pdf. Usted tiene su pedido inmediatamente en la mano y puede imprimirlo. Otra ventaja es que puede imprimir el certificado en el tama\u00f1o que desee, es decir, en formato carta o como p\u00f3ster, en papel fotogr\u00e1fico o en papel especial para certificados, todo sirve. \u00bfNo es mucho mejor que pagar costosos gastos de env\u00edo y esperar?<\/p>\n<\/div><\/div><\/div><\/div><\/div><\/div><\/section><section class=\"l-section wpb_row height_medium\"><div class=\"l-section-h i-cf\"><div class=\"g-cols vc_row via_grid cols_1 laptops-cols_inherit tablets-cols_inherit mobiles-cols_1 valign_top type_default stacking_default\"><div class=\"wpb_column vc_column_container\"><div class=\"vc_column-inner\"><div class=\"w-actionbox us_custom_a20c1a96 color_primary controls_bottom\"><div class=\"w-actionbox-text\"><h3 class=\"w-actionbox-title\">Nombra una estrella ahora<\/h3><div class=\"w-actionbox-description\"><div class=\"w-actionbox-text\">\n<div class=\"w-actionbox-description\">\n<p>Descarga instant\u00e1nea del folleto y el software, sus certificados personalizados llegar\u00e1n en menos de 4 horas<\/p>\n<\/div>\n<\/div>\n<\/div><\/div><div class=\"w-actionbox-controls\"><a class=\"w-btn us-btn-style_1\" style=\"font-size:25px\" title=\"Nombra una estrella\" href=\"https:\/\/letsbuystars.com\/es\/produkt\/name-a-star\/\"><span class=\"w-btn-label\">Haga clic aqu\u00ed<\/span><\/a><\/div><\/div><\/div><\/div><\/div><\/div><\/section>","protected":false},"excerpt":{"rendered":"\u00bfC\u00f3mo regalo mi estrella? Si cree que basta con entregar un certificado, nos gustar\u00eda ense\u00f1arle lo contrario con un gui\u00f1o. No todos los d\u00edas se regala una estrella, y el procedimiento debe adecuarse a la ocasi\u00f3n. Sobre todo porque no todo el mundo est\u00e1 familiarizado con el tema de las estrellas...","protected":false},"author":1,"featured_media":0,"parent":0,"menu_order":0,"comment_status":"closed","ping_status":"closed","template":"","meta":{"footnotes":""},"class_list":["post-132","page","type-page","status-publish","hentry"],"_links":{"self":[{"href":"https:\/\/letsbuystars.com\/es\/wp-json\/wp\/v2\/pages\/132","targetHints":{"allow":["GET"]}}],"collection":[{"href":"https:\/\/letsbuystars.com\/es\/wp-json\/wp\/v2\/pages"}],"about":[{"href":"https:\/\/letsbuystars.com\/es\/wp-json\/wp\/v2\/types\/page"}],"author":[{"embeddable":true,"href":"https:\/\/letsbuystars.com\/es\/wp-json\/wp\/v2\/users\/1"}],"replies":[{"embeddable":true,"href":"https:\/\/letsbuystars.com\/es\/wp-json\/wp\/v2\/comments?post=132"}],"version-history":[{"count":14,"href":"https:\/\/letsbuystars.com\/es\/wp-json\/wp\/v2\/pages\/132\/revisions"}],"predecessor-version":[{"id":5163,"href":"https:\/\/letsbuystars.com\/es\/wp-json\/wp\/v2\/pages\/132\/revisions\/5163"}],"wp:attachment":[{"href":"https:\/\/letsbuystars.com\/es\/wp-json\/wp\/v2\/media?parent=132"}],"curies":[{"name":"wp","href":"https:\/\/api.w.org\/{rel}","templated":true}]}}