{"id":117,"date":"2023-01-24T11:11:26","date_gmt":"2023-01-24T10:11:26","guid":{"rendered":"https:\/\/letsbuystars.com\/?page_id=117"},"modified":"2023-02-14T19:51:46","modified_gmt":"2023-02-14T18:51:46","slug":"voucher","status":"publish","type":"page","link":"https:\/\/letsbuystars.com\/es\/voucher\/","title":{"rendered":"C\u00f3mo hacer un pedido"},"content":{"rendered":"<section class=\"l-section wpb_row height_medium\"><div class=\"l-section-h i-cf\"><div class=\"g-cols vc_row via_grid cols_1 laptops-cols_inherit tablets-cols_inherit mobiles-cols_1 valign_top type_default stacking_default\"><div class=\"wpb_column vc_column_container\"><div class=\"vc_column-inner\"><div class=\"wpb_text_column\"><div class=\"wpb_wrapper\"><h3>Aqu\u00ed te mostramos lo f\u00e1cil que es poner nombre a una estrella. Sigue estos pasos<\/h3>\n<\/div><\/div><\/div><\/div><\/div><\/div><\/section><section class=\"l-section wpb_row height_medium\"><div class=\"l-section-h i-cf\"><div class=\"g-cols vc_row via_grid cols_2 laptops-cols_inherit tablets-cols_inherit mobiles-cols_1 valign_top type_default stacking_default\"><div class=\"wpb_column vc_column_container\"><div class=\"vc_column-inner\"><div class=\"wpb_text_column\"><div class=\"wpb_wrapper\"><p>Seleccione el dise\u00f1o deseado para su certificado. Tenemos diferentes dise\u00f1os, cada uno adecuado para diferentes ocasiones. A la izquierda puede ver los certificados y puede elegir uno de ellos. Si compra m\u00e1s de 1 estrella, por supuesto puede seleccionar diferentes dise\u00f1os para cada t\u00edtulo de estrella.<\/p>\n<\/div><\/div><\/div><\/div><div class=\"wpb_column vc_column_container\"><div class=\"vc_column-inner\"><div class=\"w-image style_outlined align_center\"><div class=\"w-image-h\"><img decoding=\"async\" width=\"1024\" height=\"826\" src=\"https:\/\/letsbuystars.com\/wp-content\/uploads\/2023\/02\/lbs-1-1024x826.jpg\" class=\"attachment-large size-large\" alt=\"\" loading=\"lazy\" srcset=\"https:\/\/letsbuystars.com\/wp-content\/uploads\/2023\/02\/lbs-1-1024x826.jpg 1024w, https:\/\/letsbuystars.com\/wp-content\/uploads\/2023\/02\/lbs-1-300x242.jpg 300w, https:\/\/letsbuystars.com\/wp-content\/uploads\/2023\/02\/lbs-1-15x12.jpg 15w, https:\/\/letsbuystars.com\/wp-content\/uploads\/2023\/02\/lbs-1-600x484.jpg 600w, https:\/\/letsbuystars.com\/wp-content\/uploads\/2023\/02\/lbs-1.jpg 1226w\" sizes=\"auto, (max-width: 1024px) 100vw, 1024px\" \/><\/div><\/div><\/div><\/div><\/div><\/div><\/section><section class=\"l-section wpb_row height_medium\"><div class=\"l-section-h i-cf\"><div class=\"g-cols vc_row via_grid cols_2 laptops-cols_inherit tablets-cols_inherit mobiles-cols_1 valign_top type_default stacking_default\"><div class=\"wpb_column vc_column_container\"><div class=\"vc_column-inner\"><div class=\"wpb_text_column\"><div class=\"wpb_wrapper\"><p>Ahora introduzca el nombre para la estrella. El primer nombre es para el certificado principal. Tambi\u00e9n podemos expedir otro certificado gratuito. A continuaci\u00f3n, puede solicitar otros certificados. Por ejemplo, un certificado principal para \"Familia Connor\" y otros certificados para cada miembro de la familia.<\/p>\n<h3>2 o m\u00e1s estrellas<\/h3>\n<p>Si desea pedir 2 o m\u00e1s estrellas, a\u00f1ada la primera a la cesta de la compra. Los campos de nombre est\u00e1n ahora vac\u00edos y puede introducir el siguiente nombre. A continuaci\u00f3n, introd\u00fazcalo en la cesta de la compra -los campos vuelven a estar vac\u00edos- y as\u00ed sucesivamente hasta que tenga sus 2 o 4 estrellas en total. Tenga en cuenta que los \"certificados adicionales\" no son estrellas individuales, sino certificados adicionales a la estrella que est\u00e1 configurando en ese momento.<\/p>\n<\/div><\/div><\/div><\/div><div class=\"wpb_column vc_column_container\"><div class=\"vc_column-inner\"><div class=\"w-image style_outlined align_center\"><div class=\"w-image-h\"><img decoding=\"async\" width=\"1024\" height=\"693\" src=\"https:\/\/letsbuystars.com\/wp-content\/uploads\/2023\/02\/lbs-2-1024x693.jpg\" class=\"attachment-large size-large\" alt=\"\" loading=\"lazy\" srcset=\"https:\/\/letsbuystars.com\/wp-content\/uploads\/2023\/02\/lbs-2-1024x693.jpg 1024w, https:\/\/letsbuystars.com\/wp-content\/uploads\/2023\/02\/lbs-2-300x203.jpg 300w, https:\/\/letsbuystars.com\/wp-content\/uploads\/2023\/02\/lbs-2-18x12.jpg 18w, https:\/\/letsbuystars.com\/wp-content\/uploads\/2023\/02\/lbs-2-600x406.jpg 600w, https:\/\/letsbuystars.com\/wp-content\/uploads\/2023\/02\/lbs-2.jpg 1195w\" sizes=\"auto, (max-width: 1024px) 100vw, 1024px\" \/><\/div><\/div><\/div><\/div><\/div><\/div><\/section><section class=\"l-section wpb_row height_medium\"><div class=\"l-section-h i-cf\"><div class=\"g-cols vc_row via_grid cols_2 laptops-cols_inherit tablets-cols_inherit mobiles-cols_1 valign_top type_default stacking_default\"><div class=\"wpb_column vc_column_container\"><div class=\"vc_column-inner\"><div class=\"wpb_text_column\"><div class=\"wpb_wrapper\"><p>Ahora ver\u00e1 su cesta de la compra. Si tiene un vale, puede canjearlo aqu\u00ed. El campo correspondiente se encuentra a la izquierda, debajo de la vista del art\u00edculo. Aseg\u00farese de que ha canjeado el vale y haga clic en \"Continuar con la compra\".<\/p>\n<\/div><\/div><\/div><\/div><div class=\"wpb_column vc_column_container\"><div class=\"vc_column-inner\"><div class=\"w-image style_outlined align_center\"><div class=\"w-image-h\"><img decoding=\"async\" width=\"1024\" height=\"443\" src=\"https:\/\/letsbuystars.com\/wp-content\/uploads\/2023\/02\/lbs-4-1024x443.jpg\" class=\"attachment-large size-large\" alt=\"\" loading=\"lazy\" srcset=\"https:\/\/letsbuystars.com\/wp-content\/uploads\/2023\/02\/lbs-4-1024x443.jpg 1024w, https:\/\/letsbuystars.com\/wp-content\/uploads\/2023\/02\/lbs-4-300x130.jpg 300w, https:\/\/letsbuystars.com\/wp-content\/uploads\/2023\/02\/lbs-4-18x8.jpg 18w, https:\/\/letsbuystars.com\/wp-content\/uploads\/2023\/02\/lbs-4-600x260.jpg 600w, https:\/\/letsbuystars.com\/wp-content\/uploads\/2023\/02\/lbs-4.jpg 1174w\" sizes=\"auto, (max-width: 1024px) 100vw, 1024px\" \/><\/div><\/div><\/div><\/div><\/div><\/div><\/section><section class=\"l-section wpb_row height_medium\"><div class=\"l-section-h i-cf\"><div class=\"g-cols vc_row via_grid cols_2 laptops-cols_inherit tablets-cols_inherit mobiles-cols_1 valign_top type_default stacking_default\"><div class=\"wpb_column vc_column_container\"><div class=\"vc_column-inner\"><div class=\"wpb_text_column\"><div class=\"wpb_wrapper\"><p>Esto le llevar\u00e1 a la p\u00e1gina de confirmaci\u00f3n de su pedido. Aqu\u00ed ya puede descargarlo todo. Su certificado se crear\u00e1 en breve y se le enviar\u00e1 por correo electr\u00f3nico.<\/p>\n<\/div><\/div><\/div><\/div><div class=\"wpb_column vc_column_container\"><div class=\"vc_column-inner\"><div class=\"w-image style_outlined align_center\"><div class=\"w-image-h\"><img decoding=\"async\" width=\"1024\" height=\"833\" src=\"https:\/\/letsbuystars.com\/wp-content\/uploads\/2023\/02\/lbs-5-1024x833.jpg\" class=\"attachment-large size-large\" alt=\"\" loading=\"lazy\" srcset=\"https:\/\/letsbuystars.com\/wp-content\/uploads\/2023\/02\/lbs-5-1024x833.jpg 1024w, https:\/\/letsbuystars.com\/wp-content\/uploads\/2023\/02\/lbs-5-300x244.jpg 300w, https:\/\/letsbuystars.com\/wp-content\/uploads\/2023\/02\/lbs-5-15x12.jpg 15w, https:\/\/letsbuystars.com\/wp-content\/uploads\/2023\/02\/lbs-5-600x488.jpg 600w, https:\/\/letsbuystars.com\/wp-content\/uploads\/2023\/02\/lbs-5.jpg 1161w\" sizes=\"auto, (max-width: 1024px) 100vw, 1024px\" \/><\/div><\/div><\/div><\/div><\/div><\/div><\/section><section class=\"l-section wpb_row height_medium\"><div class=\"l-section-h i-cf\"><div class=\"g-cols vc_row via_grid cols_1 laptops-cols_inherit tablets-cols_inherit mobiles-cols_1 valign_top type_default stacking_default\"><div class=\"wpb_column vc_column_container\"><div class=\"vc_column-inner\"><div class=\"w-actionbox us_custom_8b2911f9 has_text_color color_primary controls_right\"><div class=\"w-actionbox-text\"><h2 class=\"w-actionbox-title\">Compremos una estrella<\/h2><\/div><div class=\"w-actionbox-controls\"><a class=\"w-btn us-btn-style_1\" title=\"Embajada Estelar - Star Deed\" href=\"https:\/\/letsbuystars.com\/es\/produkt\/name-a-star\/\"><span class=\"w-btn-label\">Haga clic aqu\u00ed<\/span><\/a><\/div><\/div><\/div><\/div><\/div><\/div><\/section><section class=\"l-section wpb_row height_small\"><div class=\"l-section-h i-cf\"><div class=\"g-cols vc_row via_grid cols_1 laptops-cols_inherit tablets-cols_inherit mobiles-cols_1 valign_top type_default stacking_default\"><div class=\"wpb_column vc_column_container\"><div class=\"vc_column-inner\"><div class=\"wpb_text_column\"><div class=\"wpb_wrapper\"><h3 style=\"text-align: center;\">Sin gastos de env\u00edo<\/h3>\n<p style=\"text-align: center;\">Pensamos que, desde un punto de vista ecol\u00f3gico, es irresponsable enviar a cientos o miles de kil\u00f3metros a trav\u00e9s de los Estados Unidos algo que puede ser f\u00e1cilmente impreso por usted mismo. Por lo tanto, enviamos sus certificados y el folleto por correo electr\u00f3nico en formato pdf. Usted tiene su pedido inmediatamente en la mano y puede imprimirlo. Otra ventaja es que puede imprimir el certificado en el tama\u00f1o que desee, es decir, en formato carta o como p\u00f3ster, en papel fotogr\u00e1fico o en papel especial para certificados, todo sirve. \u00bfNo es mucho mejor que pagar costosos gastos de env\u00edo y esperar?<\/p>\n<\/div><\/div><\/div><\/div><\/div><\/div><\/section>","protected":false},"excerpt":{"rendered":"Aqu\u00ed le mostramos lo f\u00e1cil que es poner nombre a una estrella. Siga estos pasos Seleccione el dise\u00f1o deseado para su certificado. Tenemos diferentes dise\u00f1os, cada uno adecuado para diferentes ocasiones. A la izquierda puede ver los certificados y elegir uno de ellos. Si compra m\u00e1s de 1 estrella...","protected":false},"author":1,"featured_media":0,"parent":0,"menu_order":0,"comment_status":"closed","ping_status":"closed","template":"","meta":{"footnotes":""},"class_list":["post-117","page","type-page","status-publish","hentry"],"_links":{"self":[{"href":"https:\/\/letsbuystars.com\/es\/wp-json\/wp\/v2\/pages\/117","targetHints":{"allow":["GET"]}}],"collection":[{"href":"https:\/\/letsbuystars.com\/es\/wp-json\/wp\/v2\/pages"}],"about":[{"href":"https:\/\/letsbuystars.com\/es\/wp-json\/wp\/v2\/types\/page"}],"author":[{"embeddable":true,"href":"https:\/\/letsbuystars.com\/es\/wp-json\/wp\/v2\/users\/1"}],"replies":[{"embeddable":true,"href":"https:\/\/letsbuystars.com\/es\/wp-json\/wp\/v2\/comments?post=117"}],"version-history":[{"count":14,"href":"https:\/\/letsbuystars.com\/es\/wp-json\/wp\/v2\/pages\/117\/revisions"}],"predecessor-version":[{"id":5445,"href":"https:\/\/letsbuystars.com\/es\/wp-json\/wp\/v2\/pages\/117\/revisions\/5445"}],"wp:attachment":[{"href":"https:\/\/letsbuystars.com\/es\/wp-json\/wp\/v2\/media?parent=117"}],"curies":[{"name":"wp","href":"https:\/\/api.w.org\/{rel}","templated":true}]}}